{"id":21,"date":"2022-04-29T08:14:45","date_gmt":"2022-04-29T08:14:45","guid":{"rendered":"https:\/\/psynesthesia.net\/?page_id=21"},"modified":"2023-04-28T10:34:42","modified_gmt":"2023-04-28T10:34:42","slug":"results","status":"publish","type":"page","link":"https:\/\/psynesthesia.net\/fr\/results","title":{"rendered":"Results"},"content":{"rendered":"<div data-elementor-type=\"wp-page\" data-elementor-id=\"21\" class=\"elementor elementor-21\">\n\t\t\t\t\t\t<section class=\"elementor-section elementor-top-section elementor-element elementor-element-c850032 elementor-section-boxed elementor-section-height-default elementor-section-height-default\" data-id=\"c850032\" data-element_type=\"section\" data-e-type=\"section\">\n\t\t\t\t\t\t<div class=\"elementor-container elementor-column-gap-default\">\n\t\t\t\t\t<div class=\"elementor-column elementor-col-100 elementor-top-column elementor-element elementor-element-6a64ae5\" data-id=\"6a64ae5\" data-element_type=\"column\" data-e-type=\"column\">\n\t\t\t<div class=\"elementor-widget-wrap elementor-element-populated\">\n\t\t\t\t\t\t<div class=\"elementor-element elementor-element-871fd0b color-font animated-fast elementor-widget elementor-widget-heading\" data-id=\"871fd0b\" data-element_type=\"widget\" data-e-type=\"widget\" data-settings=\"{&quot;_animation&quot;:&quot;none&quot;}\" data-widget_type=\"heading.default\">\n\t\t\t\t<div class=\"elementor-widget-container\">\n\t\t\t\t\t<h2 class=\"elementor-heading-title elementor-size-medium\">Les R\u00e9sultats<\/h2>\t\t\t\t<\/div>\n\t\t\t\t<\/div>\n\t\t\t\t<div class=\"elementor-element elementor-element-011c598 elementor-widget elementor-widget-obelisk-gradient-circle\" data-id=\"011c598\" data-element_type=\"widget\" data-e-type=\"widget\" data-widget_type=\"obelisk-gradient-circle.default\">\n\t\t\t\t<div class=\"elementor-widget-container\">\n\t\t\t\t\t    \t\t\n        <div class=\"obelisk-gradient-circle absolute\">\n            \t\t\t\t<div class=\"gradient-circle one\"><\/div>\n            \t\t\t\t<div class=\"gradient-circle two\"><\/div>\n\t\t\t        <\/div>\n\n        \t\t\t\t<\/div>\n\t\t\t\t<\/div>\n\t\t\t\t\t<\/div>\n\t\t<\/div>\n\t\t\t\t\t<\/div>\n\t\t<\/section>\n\t\t\t\t<section class=\"elementor-section elementor-top-section elementor-element elementor-element-1e7cef7 elementor-section-boxed elementor-section-height-default elementor-section-height-default\" data-id=\"1e7cef7\" data-element_type=\"section\" data-e-type=\"section\">\n\t\t\t\t\t\t<div class=\"elementor-container elementor-column-gap-default\">\n\t\t\t\t\t<div class=\"elementor-column elementor-col-50 elementor-top-column elementor-element elementor-element-d4e9fc4\" data-id=\"d4e9fc4\" data-element_type=\"column\" data-e-type=\"column\">\n\t\t\t<div class=\"elementor-widget-wrap elementor-element-populated\">\n\t\t\t\t\t\t<div class=\"elementor-element elementor-element-341c48f elementor-align-left elementor-widget elementor-widget-obelisk-title\" data-id=\"341c48f\" data-element_type=\"widget\" data-e-type=\"widget\" data-widget_type=\"obelisk-title.default\">\n\t\t\t\t<div class=\"elementor-widget-container\">\n\t\t\t\t\t\n\n<div class=\"obelisk-header style-6 text-center\">\n    <div class=\"container\">\n        <div class=\"sec-head\">\n            <h6>Vos Scores<\/h6>\n            <h3 class=\"color-font\"><\/h3>\n        <\/div>\n    <\/div>\n<\/div>\t\t\t\t<\/div>\n\t\t\t\t<\/div>\n\t\t\t\t<div class=\"elementor-element elementor-element-1a6ac98 elementor-widget elementor-widget-text-editor\" data-id=\"1a6ac98\" data-element_type=\"widget\" data-e-type=\"widget\" id=\"clickon\" data-widget_type=\"text-editor.default\">\n\t\t\t\t<div class=\"elementor-widget-container\">\n\t\t\t\t\t\t\t\t\t<p style=\"text-align: left;\">Cliquez sur les r\u00e9sultats pour en apprendre plus sur vos traits de personnalit\u00e9, et sur la fa\u00e7on dont vos scores influencent l'\u0153uvre.<\/p>\t\t\t\t\t\t\t\t<\/div>\n\t\t\t\t<\/div>\n\t\t\t\t<div class=\"elementor-element elementor-element-c0cda17 elementor-widget elementor-widget-toggle\" data-id=\"c0cda17\" data-element_type=\"widget\" data-e-type=\"widget\" data-settings=\"{&quot;_animation&quot;:&quot;none&quot;}\" data-widget_type=\"toggle.default\">\n\t\t\t\t<div class=\"elementor-widget-container\">\n\t\t\t\t\t\t\t<div class=\"elementor-toggle\">\n\t\t\t\t\t\t\t<div class=\"elementor-toggle-item\">\n\t\t\t\t\t<div id=\"elementor-tab-title-2021\" class=\"elementor-tab-title\" data-tab=\"1\" role=\"button\" aria-controls=\"elementor-tab-content-2021\" aria-expanded=\"false\">\n\t\t\t\t\t\t\t\t\t\t\t\t<span class=\"elementor-toggle-icon elementor-toggle-icon-left\" aria-hidden=\"true\">\n\t\t\t\t\t\t\t\t\t\t\t\t\t\t\t<span class=\"elementor-toggle-icon-closed\"><i class=\"fas fa-caret-right\"><\/i><\/span>\n\t\t\t\t\t\t\t\t<span class=\"elementor-toggle-icon-opened\"><i class=\"elementor-toggle-icon-opened fas fa-caret-up\"><\/i><\/span>\n\t\t\t\t\t\t\t\t\t\t\t\t\t<\/span>\n\t\t\t\t\t\t\t\t\t\t\t\t<a class=\"elementor-toggle-title\" tabindex=\"0\"><popen><\/popen><\/a>\n\t\t\t\t\t<\/div>\n\n\t\t\t\t\t<div id=\"elementor-tab-content-2021\" class=\"elementor-tab-content elementor-clearfix\" data-tab=\"1\" role=\"region\" aria-labelledby=\"elementor-tab-title-2021\"><p>L'ouverture d\u00e9crit la tendance d'une personne \u00e0 penser de mani\u00e8re abstraite et complexe. Les personnes ayant des scores \u00e9lev\u00e9s ont tendance \u00e0 \u00eatre cr\u00e9atives et intellectuelles. Ceux avec des scores bas ont tendance \u00e0 \u00eatre pratiques, conventionnels et concentr\u00e9s sur le concret.<\/p><p><span style=\"text-decoration: underline;\">Sur l'oeuvre<\/span>: Plus le score est \u00e9lev\u00e9, plus le chemin est abstrait et complexe.<\/p><\/div>\n\t\t\t\t<\/div>\n\t\t\t\t\t\t\t<div class=\"elementor-toggle-item\">\n\t\t\t\t\t<div id=\"elementor-tab-title-2022\" class=\"elementor-tab-title\" data-tab=\"2\" role=\"button\" aria-controls=\"elementor-tab-content-2022\" aria-expanded=\"false\">\n\t\t\t\t\t\t\t\t\t\t\t\t<span class=\"elementor-toggle-icon elementor-toggle-icon-left\" aria-hidden=\"true\">\n\t\t\t\t\t\t\t\t\t\t\t\t\t\t\t<span class=\"elementor-toggle-icon-closed\"><i class=\"fas fa-caret-right\"><\/i><\/span>\n\t\t\t\t\t\t\t\t<span class=\"elementor-toggle-icon-opened\"><i class=\"elementor-toggle-icon-opened fas fa-caret-up\"><\/i><\/span>\n\t\t\t\t\t\t\t\t\t\t\t\t\t<\/span>\n\t\t\t\t\t\t\t\t\t\t\t\t<a class=\"elementor-toggle-title\" tabindex=\"0\"><pconsc><\/pconsc><\/a>\n\t\t\t\t\t<\/div>\n\n\t\t\t\t\t<div id=\"elementor-tab-content-2022\" class=\"elementor-tab-content elementor-clearfix\" data-tab=\"2\" role=\"region\" aria-labelledby=\"elementor-tab-title-2022\"><p>La conscienciosit\u00e9 d\u00e9crit la capacit\u00e9 d'une personne \u00e0 faire preuve d'autodiscipline et de contr\u00f4le afin de poursuivre ses objectifs. Les hauts scores sont organis\u00e9s et d\u00e9termin\u00e9s. Les personnes ayant des scores bas sont impulsives et facilement d\u00e9tourn\u00e9es.<\/p><p><span style=\"text-decoration: underline;\">Sur l'oeuvre<\/span>: Plus le score est \u00e9lev\u00e9, moins le chemin est d\u00e9tourn\u00e9.<\/p><\/div>\n\t\t\t\t<\/div>\n\t\t\t\t\t\t\t<div class=\"elementor-toggle-item\">\n\t\t\t\t\t<div id=\"elementor-tab-title-2023\" class=\"elementor-tab-title\" data-tab=\"3\" role=\"button\" aria-controls=\"elementor-tab-content-2023\" aria-expanded=\"false\">\n\t\t\t\t\t\t\t\t\t\t\t\t<span class=\"elementor-toggle-icon elementor-toggle-icon-left\" aria-hidden=\"true\">\n\t\t\t\t\t\t\t\t\t\t\t\t\t\t\t<span class=\"elementor-toggle-icon-closed\"><i class=\"fas fa-caret-right\"><\/i><\/span>\n\t\t\t\t\t\t\t\t<span class=\"elementor-toggle-icon-opened\"><i class=\"elementor-toggle-icon-opened fas fa-caret-up\"><\/i><\/span>\n\t\t\t\t\t\t\t\t\t\t\t\t\t<\/span>\n\t\t\t\t\t\t\t\t\t\t\t\t<a class=\"elementor-toggle-title\" tabindex=\"0\"><pextra><\/pextra><\/a>\n\t\t\t\t\t<\/div>\n\n\t\t\t\t\t<div id=\"elementor-tab-content-2023\" class=\"elementor-tab-content elementor-clearfix\" data-tab=\"3\" role=\"region\" aria-labelledby=\"elementor-tab-title-2023\"><p>L'extraversion d\u00e9crit la tendance d'une personne \u00e0 rechercher une stimulation du monde ext\u00e9rieur, en particulier sous la forme d'attention d'autres personnes. Les extravertis s'engagent activement avec les autres. Les introvertis, en revanche, conservent leur \u00e9nergie.<\/p><p><span style=\"text-decoration: underline;\">Sur l'oeuvre<\/span>: Plus le score est \u00e9lev\u00e9, plus les lignes sont brillantes.<\/p><\/div>\n\t\t\t\t<\/div>\n\t\t\t\t\t\t\t<div class=\"elementor-toggle-item\">\n\t\t\t\t\t<div id=\"elementor-tab-title-2024\" class=\"elementor-tab-title\" data-tab=\"4\" role=\"button\" aria-controls=\"elementor-tab-content-2024\" aria-expanded=\"false\">\n\t\t\t\t\t\t\t\t\t\t\t\t<span class=\"elementor-toggle-icon elementor-toggle-icon-left\" aria-hidden=\"true\">\n\t\t\t\t\t\t\t\t\t\t\t\t\t\t\t<span class=\"elementor-toggle-icon-closed\"><i class=\"fas fa-caret-right\"><\/i><\/span>\n\t\t\t\t\t\t\t\t<span class=\"elementor-toggle-icon-opened\"><i class=\"elementor-toggle-icon-opened fas fa-caret-up\"><\/i><\/span>\n\t\t\t\t\t\t\t\t\t\t\t\t\t<\/span>\n\t\t\t\t\t\t\t\t\t\t\t\t<a class=\"elementor-toggle-title\" tabindex=\"0\"><pagree><\/pagree><\/a>\n\t\t\t\t\t<\/div>\n\n\t\t\t\t\t<div id=\"elementor-tab-content-2024\" class=\"elementor-tab-content elementor-clearfix\" data-tab=\"4\" role=\"region\" aria-labelledby=\"elementor-tab-title-2024\"><p>L'agr\u00e9abilit\u00e9 d\u00e9crit la tendance d'une personne \u00e0 faire passer les besoins des autres avant les siens et \u00e0 coop\u00e9rer plut\u00f4t qu'\u00e0 rivaliser avec les autres. Les personnes qui ont un haut degr\u00e9 d'agr\u00e9abilit\u00e9 \u00e9prouvent beaucoup d'empathie. Les personnes dont l'agr\u00e9abilit\u00e9 est faible ont tendance \u00e0 \u00e9prouver moins d'empathie.<\/p><p><span style=\"text-decoration: underline;\">Sur l'oeuvre<\/span>: Plus le score est \u00e9lev\u00e9, plus les couleurs sont chaudes.<\/p><\/div>\n\t\t\t\t<\/div>\n\t\t\t\t\t\t\t<div class=\"elementor-toggle-item\">\n\t\t\t\t\t<div id=\"elementor-tab-title-2025\" class=\"elementor-tab-title\" data-tab=\"5\" role=\"button\" aria-controls=\"elementor-tab-content-2025\" aria-expanded=\"false\">\n\t\t\t\t\t\t\t\t\t\t\t\t<span class=\"elementor-toggle-icon elementor-toggle-icon-left\" aria-hidden=\"true\">\n\t\t\t\t\t\t\t\t\t\t\t\t\t\t\t<span class=\"elementor-toggle-icon-closed\"><i class=\"fas fa-caret-right\"><\/i><\/span>\n\t\t\t\t\t\t\t\t<span class=\"elementor-toggle-icon-opened\"><i class=\"elementor-toggle-icon-opened fas fa-caret-up\"><\/i><\/span>\n\t\t\t\t\t\t\t\t\t\t\t\t\t<\/span>\n\t\t\t\t\t\t\t\t\t\t\t\t<a class=\"elementor-toggle-title\" tabindex=\"0\"><pneuro><\/pneuro><\/a>\n\t\t\t\t\t<\/div>\n\n\t\t\t\t\t<div id=\"elementor-tab-content-2025\" class=\"elementor-tab-content elementor-clearfix\" data-tab=\"5\" role=\"region\" aria-labelledby=\"elementor-tab-title-2025\"><p>Le neuroticisme d\u00e9crit la tendance d'une personne \u00e0 ressentir des \u00e9motions n\u00e9gatives, notamment la peur, la tristesse, l'anxi\u00e9t\u00e9, la culpabilit\u00e9 et la honte. Les personnes ayant des scores \u00e9lev\u00e9s de sont plus susceptibles de r\u00e9agir \u00e0 une situation par la peur, la col\u00e8re, la tristesse, etc... Les personnes ayant un faible score de neuroticisme  sont plus susceptibles d'ignorer leur malheur et de passer \u00e0 autre chose.<\/p><p><span style=\"text-decoration: underline;\">Sur l'oeuvre<\/span>: Plus le score est \u00e9lev\u00e9, moins l'illustration est color\u00e9e.<\/p><\/div>\n\t\t\t\t<\/div>\n\t\t\t\t\t\t\t\t<\/div>\n\t\t\t\t\t\t<\/div>\n\t\t\t\t<\/div>\n\t\t\t\t<section class=\"elementor-section elementor-inner-section elementor-element elementor-element-32e7799 elementor-hidden-mobile elementor-section-boxed elementor-section-height-default elementor-section-height-default\" data-id=\"32e7799\" data-element_type=\"section\" data-e-type=\"section\">\n\t\t\t\t\t\t<div class=\"elementor-container elementor-column-gap-default\">\n\t\t\t\t\t<div class=\"elementor-column elementor-col-100 elementor-inner-column elementor-element elementor-element-ac35018\" data-id=\"ac35018\" data-element_type=\"column\" data-e-type=\"column\">\n\t\t\t<div class=\"elementor-widget-wrap elementor-element-populated\">\n\t\t\t\t\t\t<div class=\"elementor-element elementor-element-0b03706 elementor-widget elementor-widget-html\" data-id=\"0b03706\" data-element_type=\"widget\" data-e-type=\"widget\" id=\"buttonit\" data-widget_type=\"html.default\">\n\t\t\t\t<div class=\"elementor-widget-container\">\n\t\t\t\t\t<nftbutton><\/nftbutton>\t\t\t\t<\/div>\n\t\t\t\t<\/div>\n\t\t\t\t\t<\/div>\n\t\t<\/div>\n\t\t\t\t\t<\/div>\n\t\t<\/section>\n\t\t\t\t<section class=\"elementor-section elementor-inner-section elementor-element elementor-element-5599d0a elementor-hidden-mobile elementor-section-boxed elementor-section-height-default elementor-section-height-default\" data-id=\"5599d0a\" data-element_type=\"section\" data-e-type=\"section\">\n\t\t\t\t\t\t<div class=\"elementor-container elementor-column-gap-default\">\n\t\t\t\t\t<div class=\"elementor-column elementor-col-66 elementor-inner-column elementor-element elementor-element-00c1ee5\" data-id=\"00c1ee5\" data-element_type=\"column\" data-e-type=\"column\">\n\t\t\t<div class=\"elementor-widget-wrap elementor-element-populated\">\n\t\t\t\t\t\t<div class=\"elementor-element elementor-element-2c47334 elementor-widget elementor-widget-text-editor\" data-id=\"2c47334\" data-element_type=\"widget\" data-e-type=\"widget\" id=\"photoshoot\" data-widget_type=\"text-editor.default\">\n\t\t\t\t<div class=\"elementor-widget-container\">\n\t\t\t\t\t\t\t\t\t<p>Obternir ce NFT vous accorde une s\u00e9ance photo gratuite. Cliquez sur \"R\u00e9server un Photoshoot\" afin de la commander.<\/p>\t\t\t\t\t\t\t\t<\/div>\n\t\t\t\t<\/div>\n\t\t\t\t\t<\/div>\n\t\t<\/div>\n\t\t\t\t<div class=\"elementor-column elementor-col-33 elementor-inner-column elementor-element elementor-element-b63ec21\" data-id=\"b63ec21\" data-element_type=\"column\" data-e-type=\"column\">\n\t\t\t<div class=\"elementor-widget-wrap elementor-element-populated\">\n\t\t\t\t\t\t<div class=\"elementor-element elementor-element-4b66aeb elementor-align-left elementor-widget elementor-widget-obelisk-button\" data-id=\"4b66aeb\" data-element_type=\"widget\" data-e-type=\"widget\" id=\"buttonit\" data-widget_type=\"obelisk-button.default\">\n\t\t\t\t<div class=\"elementor-widget-container\">\n\t\t\t\t\t\n<div >\n\t<a href=\"https:\/\/psynesthesia.net\/fr\/book-a-photoshoot\/\" class=\"obelisk-button style-1 btn-lit mode-\" data-wow-delay=\".5s\">\n\n\t\t<span>R\u00e9server un Photoshoot<\/span>\n\t<\/a> \n<\/div>\t\t\t\t<\/div>\n\t\t\t\t<\/div>\n\t\t\t\t\t<\/div>\n\t\t<\/div>\n\t\t\t\t\t<\/div>\n\t\t<\/section>\n\t\t\t\t\t<\/div>\n\t\t<\/div>\n\t\t\t\t<div class=\"elementor-column elementor-col-50 elementor-top-column elementor-element elementor-element-8d9b748\" data-id=\"8d9b748\" data-element_type=\"column\" data-e-type=\"column\" id=\"thenft\">\n\t\t\t<div class=\"elementor-widget-wrap elementor-element-populated\">\n\t\t\t\t\t\t<div class=\"elementor-element elementor-element-f092b02 elementor-align-left elementor-widget elementor-widget-obelisk-title\" data-id=\"f092b02\" data-element_type=\"widget\" data-e-type=\"widget\" data-widget_type=\"obelisk-title.default\">\n\t\t\t\t<div class=\"elementor-widget-container\">\n\t\t\t\t\t\n\n<div class=\"obelisk-header style-6 text-center\">\n    <div class=\"container\">\n        <div class=\"sec-head\">\n            <h6>Votre NFT<\/h6>\n            <h3 class=\"color-font\"><\/h3>\n        <\/div>\n    <\/div>\n<\/div>\t\t\t\t<\/div>\n\t\t\t\t<\/div>\n\t\t\t\t<div class=\"elementor-element elementor-element-0715444 elementor-hidden-mobile elementor-widget elementor-widget-text-editor\" data-id=\"0715444\" data-element_type=\"widget\" data-e-type=\"widget\" data-widget_type=\"text-editor.default\">\n\t\t\t\t<div class=\"elementor-widget-container\">\n\t\t\t\t\t\t\t\t\t<p style=\"text-align: left;\">This unique artwork has been generated according to your results.<\/p>\t\t\t\t\t\t\t\t<\/div>\n\t\t\t\t<\/div>\n\t\t\t\t<div class=\"elementor-element elementor-element-89667d0 lenft elementor-widget elementor-widget-html\" data-id=\"89667d0\" data-element_type=\"widget\" data-e-type=\"widget\" data-widget_type=\"html.default\">\n\t\t\t\t<div class=\"elementor-widget-container\">\n\t\t\t\t\t<h75><\/h75>\t\t\t\t<\/div>\n\t\t\t\t<\/div>\n\t\t\t\t<div class=\"elementor-element elementor-element-24de3bb elementor-widget elementor-widget-html\" data-id=\"24de3bb\" data-element_type=\"widget\" data-e-type=\"widget\" data-widget_type=\"html.default\">\n\t\t\t\t<div class=\"elementor-widget-container\">\n\t\t\t\t\t<center><p><nftitle><\/nftitle><\/p><\/center>\t\t\t\t<\/div>\n\t\t\t\t<\/div>\n\t\t\t\t<section class=\"elementor-section elementor-inner-section elementor-element elementor-element-d7b7ad0 elementor-section-boxed elementor-section-height-default elementor-section-height-default\" data-id=\"d7b7ad0\" data-element_type=\"section\" data-e-type=\"section\">\n\t\t\t\t\t\t<div class=\"elementor-container elementor-column-gap-default\">\n\t\t\t\t\t<div class=\"elementor-column elementor-col-50 elementor-inner-column elementor-element elementor-element-09649c0\" data-id=\"09649c0\" data-element_type=\"column\" data-e-type=\"column\">\n\t\t\t<div class=\"elementor-widget-wrap elementor-element-populated\">\n\t\t\t\t\t\t<div class=\"elementor-element elementor-element-7dd3f99 elementor-hidden-desktop elementor-widget elementor-widget-html\" data-id=\"7dd3f99\" data-element_type=\"widget\" data-e-type=\"widget\" data-widget_type=\"html.default\">\n\t\t\t\t<div class=\"elementor-widget-container\">\n\t\t\t\t\t<nftbutton><\/nftbutton>\t\t\t\t<\/div>\n\t\t\t\t<\/div>\n\t\t\t\t\t<\/div>\n\t\t<\/div>\n\t\t\t\t<div class=\"elementor-column elementor-col-50 elementor-inner-column elementor-element elementor-element-72cbf92\" data-id=\"72cbf92\" data-element_type=\"column\" data-e-type=\"column\">\n\t\t\t<div class=\"elementor-widget-wrap elementor-element-populated\">\n\t\t\t\t\t\t<div class=\"elementor-element elementor-element-8ced442 elementor-hidden-desktop elementor-align-left elementor-widget elementor-widget-obelisk-button\" data-id=\"8ced442\" data-element_type=\"widget\" data-e-type=\"widget\" id=\"buttonit\" data-widget_type=\"obelisk-button.default\">\n\t\t\t\t<div class=\"elementor-widget-container\">\n\t\t\t\t\t\n<div >\n\t<a href=\"https:\/\/psynesthesia.net\/fr\/book-a-photoshoot\/\" class=\"obelisk-button style-1 btn-lit mode-\" data-wow-delay=\".5s\">\n\n\t\t<span>R\u00e9server un Photoshoot<\/span>\n\t<\/a> \n<\/div>\t\t\t\t<\/div>\n\t\t\t\t<\/div>\n\t\t\t\t\t<\/div>\n\t\t<\/div>\n\t\t\t\t\t<\/div>\n\t\t<\/section>\n\t\t\t\t<div class=\"elementor-element elementor-element-f8f70f4 elementor-hidden-desktop elementor-widget elementor-widget-text-editor\" data-id=\"f8f70f4\" data-element_type=\"widget\" data-e-type=\"widget\" data-widget_type=\"text-editor.default\">\n\t\t\t\t<div class=\"elementor-widget-container\">\n\t\t\t\t\t\t\t\t\t<ul><li>Ce NFT unique a \u00e9t\u00e9 g\u00e9n\u00e9r\u00e9 al\u00e9atoirement en fonction de vos r\u00e9sultats.<\/li><li>Obternir ce NFT vous accorde une s\u00e9ance photo gratuite. Cliquez sur \"R\u00e9server un Photoshoot\" afin de la commander.<\/li><\/ul>\t\t\t\t\t\t\t\t<\/div>\n\t\t\t\t<\/div>\n\t\t\t\t\t<\/div>\n\t\t<\/div>\n\t\t\t\t\t<\/div>\n\t\t<\/section>\n\t\t\t\t<section class=\"elementor-section elementor-top-section elementor-element elementor-element-ec2bdbc elementor-section-boxed elementor-section-height-default elementor-section-height-default\" data-id=\"ec2bdbc\" data-element_type=\"section\" data-e-type=\"section\">\n\t\t\t\t\t\t<div class=\"elementor-container elementor-column-gap-default\">\n\t\t\t\t\t<div class=\"elementor-column elementor-col-100 elementor-top-column elementor-element elementor-element-2511f7d\" data-id=\"2511f7d\" data-element_type=\"column\" data-e-type=\"column\">\n\t\t\t<div class=\"elementor-widget-wrap\">\n\t\t\t\t\t\t\t<\/div>\n\t\t<\/div>\n\t\t\t\t\t<\/div>\n\t\t<\/section>\n\t\t\t\t<\/div>","protected":false},"excerpt":{"rendered":"<p>The Results Your Scores Click on the results graphs to learn about your personality traits and how the scores affect the artwork. Each score ranges from 1 to 4. Openness describes a person\u2019s tendency to think in abstract, complex ways. High scorers tend to be creative, adventurous, and intellectual. Low scorers tend to be practical, conventional, and focused on the &hellip;<\/p>","protected":false},"author":1,"featured_media":0,"parent":0,"menu_order":0,"comment_status":"closed","ping_status":"closed","template":"blank-builder.php","meta":{"footnotes":""},"class_list":["post-21","page","type-page","status-publish","hentry"],"aioseo_notices":[],"_links":{"self":[{"href":"https:\/\/psynesthesia.net\/fr\/wp-json\/wp\/v2\/pages\/21","targetHints":{"allow":["GET"]}}],"collection":[{"href":"https:\/\/psynesthesia.net\/fr\/wp-json\/wp\/v2\/pages"}],"about":[{"href":"https:\/\/psynesthesia.net\/fr\/wp-json\/wp\/v2\/types\/page"}],"author":[{"embeddable":true,"href":"https:\/\/psynesthesia.net\/fr\/wp-json\/wp\/v2\/users\/1"}],"replies":[{"embeddable":true,"href":"https:\/\/psynesthesia.net\/fr\/wp-json\/wp\/v2\/comments?post=21"}],"version-history":[{"count":967,"href":"https:\/\/psynesthesia.net\/fr\/wp-json\/wp\/v2\/pages\/21\/revisions"}],"predecessor-version":[{"id":6253,"href":"https:\/\/psynesthesia.net\/fr\/wp-json\/wp\/v2\/pages\/21\/revisions\/6253"}],"wp:attachment":[{"href":"https:\/\/psynesthesia.net\/fr\/wp-json\/wp\/v2\/media?parent=21"}],"curies":[{"name":"wp","href":"https:\/\/api.w.org\/{rel}","templated":true}]}}