{"id":61,"date":"2022-05-04T15:48:27","date_gmt":"2022-05-04T15:48:27","guid":{"rendered":"https:\/\/psynesthesia.net\/?page_id=61"},"modified":"2022-12-15T19:31:24","modified_gmt":"2022-12-15T19:31:24","slug":"do-the-test","status":"publish","type":"page","link":"https:\/\/psynesthesia.net\/fr\/do-the-test","title":{"rendered":"Do the Test"},"content":{"rendered":"<div data-elementor-type=\"wp-page\" data-elementor-id=\"61\" class=\"elementor elementor-61\">\n\t\t\t\t\t\t<section class=\"elementor-section elementor-top-section elementor-element elementor-element-4780e37 elementor-section-stretched elementor-section-height-full elementor-section-items-top elementor-section-boxed elementor-section-height-default\" data-id=\"4780e37\" data-element_type=\"section\" data-e-type=\"section\" id=\"thetests\" data-settings=\"{&quot;background_background&quot;:&quot;classic&quot;,&quot;stretch_section&quot;:&quot;section-stretched&quot;}\">\n\t\t\t\t\t\t\t<div class=\"elementor-background-overlay\"><\/div>\n\t\t\t\t\t\t\t<div class=\"elementor-container elementor-column-gap-default\">\n\t\t\t\t\t<div class=\"elementor-column elementor-col-100 elementor-top-column elementor-element elementor-element-5904694\" data-id=\"5904694\" data-element_type=\"column\" data-e-type=\"column\">\n\t\t\t<div class=\"elementor-widget-wrap elementor-element-populated\">\n\t\t\t\t\t\t<section class=\"elementor-section elementor-inner-section elementor-element elementor-element-af3ac96 elementor-section-full_width elementor-section-height-default elementor-section-height-default\" data-id=\"af3ac96\" data-element_type=\"section\" data-e-type=\"section\" data-settings=\"{&quot;background_background&quot;:&quot;classic&quot;}\">\n\t\t\t\t\t\t<div class=\"elementor-container elementor-column-gap-default\">\n\t\t\t\t\t<div class=\"elementor-column elementor-col-100 elementor-inner-column elementor-element elementor-element-1e9bd7d\" data-id=\"1e9bd7d\" data-element_type=\"column\" data-e-type=\"column\">\n\t\t\t<div class=\"elementor-widget-wrap elementor-element-populated\">\n\t\t\t\t\t\t<div class=\"elementor-element elementor-element-3ac4e51 color-font animated-fast elementor-invisible elementor-widget elementor-widget-heading\" data-id=\"3ac4e51\" data-element_type=\"widget\" data-e-type=\"widget\" data-settings=\"{&quot;_animation&quot;:&quot;fadeIn&quot;}\" data-widget_type=\"heading.default\">\n\t\t\t\t<div class=\"elementor-widget-container\">\n\t\t\t\t\t<h2 class=\"elementor-heading-title elementor-size-default\">Le Test<\/h2>\t\t\t\t<\/div>\n\t\t\t\t<\/div>\n\t\t\t\t<div class=\"elementor-element elementor-element-7f07965 elementor-widget elementor-widget-obelisk-gradient-circle\" data-id=\"7f07965\" data-element_type=\"widget\" data-e-type=\"widget\" data-widget_type=\"obelisk-gradient-circle.default\">\n\t\t\t\t<div class=\"elementor-widget-container\">\n\t\t\t\t\t    \t\t\n        <div class=\"obelisk-gradient-circle absolute\">\n            \t\t\t\t<div class=\"gradient-circle one\"><\/div>\n            \t\t\t\t<div class=\"gradient-circle two\"><\/div>\n\t\t\t        <\/div>\n\n        \t\t\t\t<\/div>\n\t\t\t\t<\/div>\n\t\t\t\t\t<\/div>\n\t\t<\/div>\n\t\t\t\t\t<\/div>\n\t\t<\/section>\n\t\t\t\t<section class=\"elementor-section elementor-inner-section elementor-element elementor-element-f1d2657 elementor-section-content-middle elementor-section-boxed elementor-section-height-default elementor-section-height-default\" data-id=\"f1d2657\" data-element_type=\"section\" data-e-type=\"section\">\n\t\t\t\t\t\t<div class=\"elementor-container elementor-column-gap-default\">\n\t\t\t\t\t<div class=\"elementor-column elementor-col-100 elementor-inner-column elementor-element elementor-element-3f789d5\" data-id=\"3f789d5\" data-element_type=\"column\" data-e-type=\"column\">\n\t\t\t<div class=\"elementor-widget-wrap elementor-element-populated\">\n\t\t\t\t\t\t<div class=\"elementor-element elementor-element-4974d92 elementor-widget elementor-widget-text-editor\" data-id=\"4974d92\" data-element_type=\"widget\" data-e-type=\"widget\" data-widget_type=\"text-editor.default\">\n\t\t\t\t<div class=\"elementor-widget-container\">\n\t\t\t\t\t\t\t\t\t<p>Choisissez une version du test pour d\u00e9couvrir les \u0153uvres\/NFT li\u00e9s \u00e0 vos traits de personnalit\u00e9.<\/p><p>Les tests sont anonymes et trois versions sont disponibles pour un niveau d'exactitude diff\u00e9rent.<\/p>\t\t\t\t\t\t\t\t<\/div>\n\t\t\t\t<\/div>\n\t\t\t\t\t<\/div>\n\t\t<\/div>\n\t\t\t\t\t<\/div>\n\t\t<\/section>\n\t\t\t\t<section class=\"elementor-section elementor-inner-section elementor-element elementor-element-0d502a5 elementor-section-content-middle questionnairea elementor-section-boxed elementor-section-height-default elementor-section-height-default\" data-id=\"0d502a5\" data-element_type=\"section\" data-e-type=\"section\" id=\"englishversion\">\n\t\t\t\t\t\t<div class=\"elementor-container elementor-column-gap-default\">\n\t\t\t\t\t<div class=\"elementor-column elementor-col-33 elementor-inner-column elementor-element elementor-element-8a805b7\" data-id=\"8a805b7\" data-element_type=\"column\" data-e-type=\"column\">\n\t\t\t<div class=\"elementor-widget-wrap elementor-element-populated\">\n\t\t\t\t\t\t<div class=\"elementor-element elementor-element-a5edf74 animated-slow questionnaire elementor-invisible elementor-widget elementor-widget-obelisk-infobox\" data-id=\"a5edf74\" data-element_type=\"widget\" data-e-type=\"widget\" id=\"questionnaire\" data-settings=\"{&quot;_animation&quot;:&quot;fadeIn&quot;,&quot;_animation_delay&quot;:100}\" data-widget_type=\"obelisk-infobox.default\">\n\t\t\t\t<div class=\"elementor-widget-container\">\n\t\t\t\t\t\n<div class=\"info-box style-6\">\n\t      <a class=\"infobox-link\" href=\"https:\/\/psynesthesia.net\/fr\/short-test\/\" ><\/a>    \n     \t<div>\n    \t<div class=\"icon\"><i aria-hidden=\"true\" class=\"fas fa-head-side-virus\"><\/i><\/div>\t<\/div>\n\t<h6>Court (10 Questions)<\/h6>\n\t<div class=\"dots\">\n\t\t<span><\/span>\n\t\t<span><\/span>\n\t\t<span><\/span>\n\t<\/div> \n<\/div>\n\t\t\t\t<\/div>\n\t\t\t\t<\/div>\n\t\t\t\t\t<\/div>\n\t\t<\/div>\n\t\t\t\t<div class=\"elementor-column elementor-col-33 elementor-inner-column elementor-element elementor-element-6467357\" data-id=\"6467357\" data-element_type=\"column\" data-e-type=\"column\">\n\t\t\t<div class=\"elementor-widget-wrap elementor-element-populated\">\n\t\t\t\t\t\t<div class=\"elementor-element elementor-element-64e823d animated-slow questionnaire elementor-invisible elementor-widget elementor-widget-obelisk-infobox\" data-id=\"64e823d\" data-element_type=\"widget\" data-e-type=\"widget\" id=\"questionnaire\" data-settings=\"{&quot;_animation&quot;:&quot;fadeIn&quot;,&quot;_animation_delay&quot;:400}\" data-widget_type=\"obelisk-infobox.default\">\n\t\t\t\t<div class=\"elementor-widget-container\">\n\t\t\t\t\t\n<div class=\"info-box style-6\">\n\t      <a class=\"infobox-link\" href=\"https:\/\/psynesthesia.net\/fr\/medium-test\/\" ><\/a>    \n     \t<div>\n    \t<div class=\"icon\"><i aria-hidden=\"true\" class=\"fas fa-head-side-virus\"><\/i><\/div>\t<\/div>\n\t<h6>Interm\u00e9diaire (15 Questions)<\/h6>\n\t<div class=\"dots\">\n\t\t<span><\/span>\n\t\t<span><\/span>\n\t\t<span><\/span>\n\t<\/div> \n<\/div>\n\t\t\t\t<\/div>\n\t\t\t\t<\/div>\n\t\t\t\t\t<\/div>\n\t\t<\/div>\n\t\t\t\t<div class=\"elementor-column elementor-col-33 elementor-inner-column elementor-element elementor-element-681c88f\" data-id=\"681c88f\" data-element_type=\"column\" data-e-type=\"column\">\n\t\t\t<div class=\"elementor-widget-wrap elementor-element-populated\">\n\t\t\t\t\t\t<div class=\"elementor-element elementor-element-24b86b3 animated-slow questionnaire elementor-invisible elementor-widget elementor-widget-obelisk-infobox\" data-id=\"24b86b3\" data-element_type=\"widget\" data-e-type=\"widget\" id=\"questionnaire\" data-settings=\"{&quot;_animation&quot;:&quot;fadeIn&quot;,&quot;_animation_delay&quot;:400}\" data-widget_type=\"obelisk-infobox.default\">\n\t\t\t\t<div class=\"elementor-widget-container\">\n\t\t\t\t\t\n<div class=\"info-box style-6\">\n\t      <a class=\"infobox-link\" href=\"https:\/\/psynesthesia.net\/fr\/complete-test\/\" ><\/a>    \n     \t<div>\n    \t<div class=\"icon\"><i aria-hidden=\"true\" class=\"fas fa-head-side-virus\"><\/i><\/div>\t<\/div>\n\t<h6>Complet (50 Questions)<\/h6>\n\t<div class=\"dots\">\n\t\t<span><\/span>\n\t\t<span><\/span>\n\t\t<span><\/span>\n\t<\/div> \n<\/div>\n\t\t\t\t<\/div>\n\t\t\t\t<\/div>\n\t\t\t\t\t<\/div>\n\t\t<\/div>\n\t\t\t\t\t<\/div>\n\t\t<\/section>\n\t\t\t\t<section class=\"elementor-section elementor-inner-section elementor-element elementor-element-b73f081 elementor-section-content-middle questionnairea elementor-section-boxed elementor-section-height-default elementor-section-height-default\" data-id=\"b73f081\" data-element_type=\"section\" data-e-type=\"section\" id=\"frenchversion\">\n\t\t\t\t\t\t<div class=\"elementor-container elementor-column-gap-default\">\n\t\t\t\t\t<div class=\"elementor-column elementor-col-33 elementor-inner-column elementor-element elementor-element-51c4c0c\" data-id=\"51c4c0c\" data-element_type=\"column\" data-e-type=\"column\">\n\t\t\t<div class=\"elementor-widget-wrap elementor-element-populated\">\n\t\t\t\t\t\t<div class=\"elementor-element elementor-element-745a272 animated-slow questionnaire elementor-invisible elementor-widget elementor-widget-obelisk-infobox\" data-id=\"745a272\" data-element_type=\"widget\" data-e-type=\"widget\" data-settings=\"{&quot;_animation&quot;:&quot;fadeIn&quot;,&quot;_animation_delay&quot;:100}\" data-widget_type=\"obelisk-infobox.default\">\n\t\t\t\t<div class=\"elementor-widget-container\">\n\t\t\t\t\t\n<div class=\"info-box style-6\">\n\t      <a class=\"infobox-link\" href=\"https:\/\/psynesthesia.net\/fr\/test-court\/\" ><\/a>    \n     \t<div>\n    \t<div class=\"icon\"><i aria-hidden=\"true\" class=\"fas fa-head-side-virus\"><\/i><\/div>\t<\/div>\n\t<h6>Court (10 Questions)<\/h6>\n\t<div class=\"dots\">\n\t\t<span><\/span>\n\t\t<span><\/span>\n\t\t<span><\/span>\n\t<\/div> \n<\/div>\n\t\t\t\t<\/div>\n\t\t\t\t<\/div>\n\t\t\t\t\t<\/div>\n\t\t<\/div>\n\t\t\t\t<div class=\"elementor-column elementor-col-33 elementor-inner-column elementor-element elementor-element-ee91bd9\" data-id=\"ee91bd9\" data-element_type=\"column\" data-e-type=\"column\">\n\t\t\t<div class=\"elementor-widget-wrap elementor-element-populated\">\n\t\t\t\t\t\t<div class=\"elementor-element elementor-element-08030f2 animated-slow questionnaire elementor-invisible elementor-widget elementor-widget-obelisk-infobox\" data-id=\"08030f2\" data-element_type=\"widget\" data-e-type=\"widget\" data-settings=\"{&quot;_animation&quot;:&quot;fadeIn&quot;,&quot;_animation_delay&quot;:400}\" data-widget_type=\"obelisk-infobox.default\">\n\t\t\t\t<div class=\"elementor-widget-container\">\n\t\t\t\t\t\n<div class=\"info-box style-6\">\n\t      <a class=\"infobox-link\" href=\"https:\/\/psynesthesia.net\/fr\/test-intermediaire\/\" ><\/a>    \n     \t<div>\n    \t<div class=\"icon\"><i aria-hidden=\"true\" class=\"fas fa-head-side-virus\"><\/i><\/div>\t<\/div>\n\t<h6>Interm\u00e9diaire (15 Questions)<\/h6>\n\t<div class=\"dots\">\n\t\t<span><\/span>\n\t\t<span><\/span>\n\t\t<span><\/span>\n\t<\/div> \n<\/div>\n\t\t\t\t<\/div>\n\t\t\t\t<\/div>\n\t\t\t\t\t<\/div>\n\t\t<\/div>\n\t\t\t\t<div class=\"elementor-column elementor-col-33 elementor-inner-column elementor-element elementor-element-c4840e4\" data-id=\"c4840e4\" data-element_type=\"column\" data-e-type=\"column\">\n\t\t\t<div class=\"elementor-widget-wrap elementor-element-populated\">\n\t\t\t\t\t\t<div class=\"elementor-element elementor-element-7ea6f56 animated-slow questionnaire elementor-invisible elementor-widget elementor-widget-obelisk-infobox\" data-id=\"7ea6f56\" data-element_type=\"widget\" data-e-type=\"widget\" data-settings=\"{&quot;_animation&quot;:&quot;fadeIn&quot;,&quot;_animation_delay&quot;:400}\" data-widget_type=\"obelisk-infobox.default\">\n\t\t\t\t<div class=\"elementor-widget-container\">\n\t\t\t\t\t\n<div class=\"info-box style-6\">\n\t      <a class=\"infobox-link\" href=\"https:\/\/psynesthesia.net\/fr\/test-complet\/\" ><\/a>    \n     \t<div>\n    \t<div class=\"icon\"><i aria-hidden=\"true\" class=\"fas fa-head-side-virus\"><\/i><\/div>\t<\/div>\n\t<h6>Complet (50 Questions)<\/h6>\n\t<div class=\"dots\">\n\t\t<span><\/span>\n\t\t<span><\/span>\n\t\t<span><\/span>\n\t<\/div> \n<\/div>\n\t\t\t\t<\/div>\n\t\t\t\t<\/div>\n\t\t\t\t\t<\/div>\n\t\t<\/div>\n\t\t\t\t\t<\/div>\n\t\t<\/section>\n\t\t\t\t<section class=\"elementor-section elementor-inner-section elementor-element elementor-element-5b8fc29 elementor-section-content-middle elementor-section-boxed elementor-section-height-default elementor-section-height-default\" data-id=\"5b8fc29\" data-element_type=\"section\" data-e-type=\"section\">\n\t\t\t\t\t\t<div class=\"elementor-container elementor-column-gap-default\">\n\t\t\t\t\t<div class=\"elementor-column elementor-col-100 elementor-inner-column elementor-element elementor-element-68ee195\" data-id=\"68ee195\" data-element_type=\"column\" data-e-type=\"column\">\n\t\t\t<div class=\"elementor-widget-wrap elementor-element-populated\">\n\t\t\t\t\t\t<div class=\"elementor-element elementor-element-d16acbc elementor-widget elementor-widget-text-editor\" data-id=\"d16acbc\" data-element_type=\"widget\" data-e-type=\"widget\" data-widget_type=\"text-editor.default\">\n\t\t\t\t<div class=\"elementor-widget-container\">\n\t\t\t\t\t\t\t\t\t<p>Le\u00a0<strong>Mod\u00e8le des Big Five<\/strong> est le mod\u00e8le de personnalit\u00e9 le mieux accept\u00e9 et le plus utilis\u00e9 en psychologie universitaire.\u00a0<\/p><p>Ainsi, cinq variables de personnalit\u00e9 se d\u00e9marquent:\u00a0<strong>extraversion<\/strong>,\u00a0<strong>neuroticisme<\/strong>,\u00a0<strong>agr\u00e9abilit\u00e9<\/strong>,\u00a0<strong>conscienciosit\u00e9<\/strong>\u00a0et\u00a0<strong>ouverture \u00e0 l'experience<\/strong>.<\/p><p><span style=\"text-decoration: underline;\">R\u00e9f\u00e9rences:<\/span><\/p><ul><li><strong>Test Court :<\/strong> Rammstedt, B. &amp; John, O. P. (2007). Measuring personality in one minute or less: A 10-item short version of the Big Five Inventory in English and German. Journal of Research in Personality, 41, 203-212.<\/li><li><strong>Test Interm\u00e9diaire :<\/strong> Lang, F. R., John, D., Ludtke, O., Schupp, J., &amp; Wagner, G. G. (2011). Short assessment of the Big Five: robust accros survey methods except telephone interviewing. Behavior Research Methods, 43, 548-567.<\/li><li><strong>Test Complet :<\/strong> Goldberg, Lewis R. \u201cThe development of markers for the Big-Five factor structure.\u201d Psychological assessment 4.1 (1992): 26.<\/li><\/ul>\t\t\t\t\t\t\t\t<\/div>\n\t\t\t\t<\/div>\n\t\t\t\t\t<\/div>\n\t\t<\/div>\n\t\t\t\t\t<\/div>\n\t\t<\/section>\n\t\t\t\t\t<\/div>\n\t\t<\/div>\n\t\t\t\t\t<\/div>\n\t\t<\/section>\n\t\t\t\t<\/div>","protected":false},"excerpt":{"rendered":"<p>The Test Choose a test version to find out the artwork\/NFT linked to your personality traits. The tests are anonymous and three versions are available for different accuracy. Short Test (10 Questions) Medium Test (15 Questions) Complete Test (50 Questions) Short Test (10 Questions) Medium Test (15 Questions) Complete Test (50 Questions) The\u00a0Big Five Personality Traits are the best accepted &hellip;<\/p>","protected":false},"author":1,"featured_media":0,"parent":0,"menu_order":0,"comment_status":"closed","ping_status":"closed","template":"blank-builder.php","meta":{"footnotes":""},"class_list":["post-61","page","type-page","status-publish","hentry"],"aioseo_notices":[],"_links":{"self":[{"href":"https:\/\/psynesthesia.net\/fr\/wp-json\/wp\/v2\/pages\/61","targetHints":{"allow":["GET"]}}],"collection":[{"href":"https:\/\/psynesthesia.net\/fr\/wp-json\/wp\/v2\/pages"}],"about":[{"href":"https:\/\/psynesthesia.net\/fr\/wp-json\/wp\/v2\/types\/page"}],"author":[{"embeddable":true,"href":"https:\/\/psynesthesia.net\/fr\/wp-json\/wp\/v2\/users\/1"}],"replies":[{"embeddable":true,"href":"https:\/\/psynesthesia.net\/fr\/wp-json\/wp\/v2\/comments?post=61"}],"version-history":[{"count":132,"href":"https:\/\/psynesthesia.net\/fr\/wp-json\/wp\/v2\/pages\/61\/revisions"}],"predecessor-version":[{"id":6105,"href":"https:\/\/psynesthesia.net\/fr\/wp-json\/wp\/v2\/pages\/61\/revisions\/6105"}],"wp:attachment":[{"href":"https:\/\/psynesthesia.net\/fr\/wp-json\/wp\/v2\/media?parent=61"}],"curies":[{"name":"wp","href":"https:\/\/api.w.org\/{rel}","templated":true}]}}